{"id":1356,"date":"2021-02-02T08:21:45","date_gmt":"2021-02-02T08:21:45","guid":{"rendered":"http:\/\/ifnews.com.br\/?page_id=1356"},"modified":"2022-09-01T21:34:20","modified_gmt":"2022-09-01T21:34:20","slug":"about","status":"publish","type":"page","link":"https:\/\/ifnews.com.br\/?page_id=1356","title":{"rendered":"Sobre n\u00f3s"},"content":{"rendered":"\n<h2 class=\"wp-block-heading\">Sobre n\u00f3s<\/h2>\n\n\n\n<p>O jornal escolar IF News surgiu de uma necessidade percebida: de divulgar mais clara e eficientemente informa\u00e7\u00f5es sobre o funcionamento da escola, dos eventos, dos temas e dos acontecimentos relevantes para o corpo escolar do IFAM Campus Coari.<\/p>\n\n\n\n<p>A equipe editorial do jornal \u00e9 formada por alunos do pr\u00f3prio IFAM campus Coari, guiados pela professora Cristiane Braz e o professor Hedvan Fernandes. Com muito orgulho apresentamos um jornal criado a partir do esfor\u00e7o de uma equipe de alunos muito dedicada que busca, pesquisa, entrevista, escreve, edita, revisa e publica essas not\u00edcias.<\/p>\n\n\n\n<p>Esperamos que o jornal seja relevante para melhorar a forma que temos de divulgar e registrar as not\u00edcias na regi\u00e3o de Coari. Com isso pretendemos estimular o h\u00e1bito de leitura nos alunos e mostrar a eles o papel da impressa ao permitir que eles mesmos se envolvam em todo o processo, desde a concep\u00e7\u00e3o at\u00e9 a publica\u00e7\u00e3o das not\u00edcias.<\/p>\n\n\n\n<p>Esperamos que gostem do IF News.\u00a0\ud83d\ude42<\/p>\n\n\n\n<figure class=\"wp-block-gallery has-nested-images columns-default is-cropped wp-block-gallery-1 is-layout-flex wp-block-gallery-is-layout-flex\">\n<figure class=\"wp-block-image size-large\"><img loading=\"lazy\" decoding=\"async\" width=\"1046\" height=\"571\" data-id=\"1468\" src=\"http:\/\/ifnews.com.br\/wp-content\/uploads\/2022\/09\/foto-equipe-01.jpg\" alt=\"\" class=\"wp-image-1468\" srcset=\"https:\/\/ifnews.com.br\/wp-content\/uploads\/2022\/09\/foto-equipe-01.jpg 1046w, https:\/\/ifnews.com.br\/wp-content\/uploads\/2022\/09\/foto-equipe-01-300x164.jpg 300w, https:\/\/ifnews.com.br\/wp-content\/uploads\/2022\/09\/foto-equipe-01-1024x559.jpg 1024w, https:\/\/ifnews.com.br\/wp-content\/uploads\/2022\/09\/foto-equipe-01-768x419.jpg 768w, https:\/\/ifnews.com.br\/wp-content\/uploads\/2022\/09\/foto-equipe-01-850x464.jpg 850w\" sizes=\"auto, (max-width: 1046px) 100vw, 1046px\" \/><\/figure>\n\n\n\n<figure class=\"wp-block-image size-large\"><img loading=\"lazy\" decoding=\"async\" width=\"1067\" height=\"636\" data-id=\"1469\" src=\"http:\/\/ifnews.com.br\/wp-content\/uploads\/2022\/09\/foto-equipe-02.jpg\" alt=\"\" class=\"wp-image-1469\" srcset=\"https:\/\/ifnews.com.br\/wp-content\/uploads\/2022\/09\/foto-equipe-02.jpg 1067w, https:\/\/ifnews.com.br\/wp-content\/uploads\/2022\/09\/foto-equipe-02-300x180.jpg 300w, https:\/\/ifnews.com.br\/wp-content\/uploads\/2022\/09\/foto-equipe-02-1024x610.jpg 1024w, https:\/\/ifnews.com.br\/wp-content\/uploads\/2022\/09\/foto-equipe-02-768x458.jpg 768w, https:\/\/ifnews.com.br\/wp-content\/uploads\/2022\/09\/foto-equipe-02-850x507.jpg 850w\" sizes=\"auto, (max-width: 1067px) 100vw, 1067px\" \/><\/figure>\n<\/figure>\n","protected":false},"excerpt":{"rendered":"<p>Sobre n\u00f3s O jornal escolar IF News surgiu de uma necessidade percebida: de divulgar mais clara e eficientemente informa\u00e7\u00f5es sobre o funcionamento da escola, dos eventos, dos temas e dos acontecimentos relevantes para o corpo escolar do IFAM Campus Coari. A equipe editorial do jornal \u00e9 formada por alunos do pr\u00f3prio IFAM campus Coari, guiados&#8230;<\/p>\n","protected":false},"author":1,"featured_media":0,"parent":0,"menu_order":0,"comment_status":"closed","ping_status":"closed","template":"elementor_header_footer","meta":{"om_disable_all_campaigns":false,"_monsterinsights_skip_tracking":false,"_monsterinsights_sitenote_active":false,"_monsterinsights_sitenote_note":"","_monsterinsights_sitenote_category":0,"_themeisle_gutenberg_block_has_review":false,"footnotes":""},"class_list":["post-1356","page","type-page","status-publish","hentry"],"aioseo_notices":[],"_links":{"self":[{"href":"https:\/\/ifnews.com.br\/index.php?rest_route=\/wp\/v2\/pages\/1356","targetHints":{"allow":["GET"]}}],"collection":[{"href":"https:\/\/ifnews.com.br\/index.php?rest_route=\/wp\/v2\/pages"}],"about":[{"href":"https:\/\/ifnews.com.br\/index.php?rest_route=\/wp\/v2\/types\/page"}],"author":[{"embeddable":true,"href":"https:\/\/ifnews.com.br\/index.php?rest_route=\/wp\/v2\/users\/1"}],"replies":[{"embeddable":true,"href":"https:\/\/ifnews.com.br\/index.php?rest_route=%2Fwp%2Fv2%2Fcomments&post=1356"}],"version-history":[{"count":7,"href":"https:\/\/ifnews.com.br\/index.php?rest_route=\/wp\/v2\/pages\/1356\/revisions"}],"predecessor-version":[{"id":1476,"href":"https:\/\/ifnews.com.br\/index.php?rest_route=\/wp\/v2\/pages\/1356\/revisions\/1476"}],"wp:attachment":[{"href":"https:\/\/ifnews.com.br\/index.php?rest_route=%2Fwp%2Fv2%2Fmedia&parent=1356"}],"curies":[{"name":"wp","href":"https:\/\/api.w.org\/{rel}","templated":true}]}}